{"id":26594,"date":"2025-03-06T21:10:32","date_gmt":"2025-03-07T00:10:32","guid":{"rendered":"https:\/\/fiorellalarosa.com\/?post_type=product&#038;p=26594"},"modified":"2025-07-24T18:31:30","modified_gmt":"2025-07-24T21:31:30","slug":"pasaporte-a-la-libertad-monetiza-tu-pasion-por-viajar","status":"publish","type":"product","link":"https:\/\/fiorellalarosa.com\/?product=pasaporte-a-la-libertad-monetiza-tu-pasion-por-viajar","title":{"rendered":"PASAPORTE A LA LIBERTAD: Monetiza tu pasi\u00f3n\u00a0por\u00a0viajar"},"content":{"rendered":"<h4><strong>\u00bfQu\u00e9 aprender\u00e1s en este Curso Online?<\/strong><\/h4>\n<p><strong>Tu pasaporte a una vida de libertad empieza aqu\u00ed<\/strong><br \/>\nEste curso te proporcionar\u00e1 las herramientas y estrategias que necesitas para iniciar tu camino como creador de contenido de viajes y empezar a ganar dinero de manera real y constante.<\/p>\n<p><strong>M\u00f3dulos principales:<\/strong><\/p>\n<ol>\n<li><strong>\u00bfQu\u00e9 se necesita para ser un travel blogger exitoso?.<\/strong><\/li>\n<li><strong>Descubre tu nicho.<\/strong><\/li>\n<li><strong>Presencia Digital.<\/strong><\/li>\n<li><strong>Marca Personal.<\/strong><\/li>\n<li><strong>C\u00f3mo iniciar sin seguidores.<\/strong><\/li>\n<li><strong>Creaci\u00f3n de Contenido Aut\u00e9ntico y Atractivo.<\/strong><\/li>\n<li><strong>Flujo de trabajo para crear contenido.<\/strong><\/li>\n<li><strong>Monetizaci\u00f3n: Convertir tu pasi\u00f3n en ingresos.<\/strong><\/li>\n<li><strong>Colaboraciones, partnerships y networking<\/strong><\/li>\n<li><strong>Equipos, Herramientas y recursos para travel bloggers<\/strong><\/li>\n<\/ol>\n<h4><strong>\u00bfPara qui\u00e9n es este Curso Online?<\/strong><\/h4>\n<p>Este curso es perfecto para ti si:<\/p>\n<ul>\n<li><strong>Amas viajar<\/strong> y sue\u00f1as con recorrer el mundo mientras generas ingresos.<\/li>\n<li><strong>Si te interesa ser n\u00f3mada digital y\/o travel blogger <\/strong>para empezar a viajar y ganar dinero.<\/li>\n<li><b>Eres mayor de edad<\/b> y est\u00e1s buscando una forma de crear libertad financiera a trav\u00e9s de tu pasi\u00f3n.<\/li>\n<li><strong>Quieres aprender<\/strong> c\u00f3mo crear contenido atractivo y que destaque.<\/li>\n<li><strong>No sabes por d\u00f3nde empezar<\/strong> pero tienes el deseo de convertirte en un creador de contenido exitoso.<\/li>\n<\/ul>\n<p>No necesitas experiencia previa en marketing o creaci\u00f3n de contenido. Te ense\u00f1aremos todo lo que necesitas saber para empezar.<\/p>\n<p>&nbsp;<\/p>\n<h4><strong>Bonos Exclusivos<\/strong><\/h4>\n<p>\u00a1Adem\u00e1s de todo lo que aprender\u00e1s en el Curso, recibir\u00e1s estos bonos GRATIS si te inscribes ahora!<\/p>\n<ol>\n<li><strong>Ebook &#8220;Herramientas de Viaje para Creadores de Contenido&#8221;:<\/strong> Gu\u00eda completa con apps y equipos para optimizar tu trabajo.<\/li>\n<li><strong>Plantillas para Pitch a Marcas:<\/strong> Te proporcionamos las plantillas que utilizamos para contactar con marcas.<\/li>\n<li><strong>Platilla de Media Kit:<\/strong> Te comparto una plantilla de Media kit para enviar a marcas y prospectos de cliente.<\/li>\n<\/ol>\n<h4><strong>Curso Online Pre-Grabado<\/strong><\/h4>\n<p>Estar\u00e1 disponible por dos semanas, el tiempo suficiente para verlo y empezar a ponerlo en pr\u00e1ctica. Por experiencia propia cursos que duran mas tiempo no los terminas, pero al tener una fecha limite te motivas a verlo y terminarlo.<\/p>\n<p>&nbsp;<\/p>\n<p><strong>\u00a1El mundo te espera!<\/strong><\/p>\n<p>Inscr\u00edbete ahora en <strong>&#8220;Pasaporte a la Libertad&#8221;<\/strong> y comienza a vivir la vida que siempre so\u00f1aste. \u00a1Es tu momento de viajar, crear y ganar!<\/p>\n","protected":false},"excerpt":{"rendered":"<p>Descubre c\u00f3mo puedes viajar por el mundo, crear contenido y ganar dinero mientras lo haces. \u00a1Es m\u00e1s f\u00e1cil de lo que imaginas!<\/p>\n<p>En este curso, descubrir\u00e1s los secretos para:<\/p>\n<p>Iniciar en el mundo de los Travel bloggers y creadores de contenido de viajes.<br \/>\nAtraer y colaborar con marcas de todo el mundo.<br \/>\nMonetizar tus aventuras a trav\u00e9s de plataformas digitales.<\/p>\n<p>\u00a1NO TE LO PIERDAS!<\/p>\n","protected":false},"featured_media":26640,"template":"","meta":{"_uag_custom_page_level_css":"","site-sidebar-layout":"default","site-content-layout":"","ast-site-content-layout":"default","site-content-style":"default","site-sidebar-style":"default","ast-global-header-display":"","ast-banner-title-visibility":"","ast-main-header-display":"","ast-hfb-above-header-display":"","ast-hfb-below-header-display":"","ast-hfb-mobile-header-display":"","site-post-title":"","ast-breadcrumbs-content":"","ast-featured-img":"","footer-sml-layout":"","ast-disable-related-posts":"","theme-transparent-header-meta":"default","adv-header-id-meta":"","stick-header-meta":"","header-above-stick-meta":"","header-main-stick-meta":"","header-below-stick-meta":"","astra-migrate-meta-layouts":"set","ast-page-background-enabled":"default","ast-page-background-meta":{"desktop":{"background-color":"","background-image":"","background-repeat":"repeat","background-position":"center center","background-size":"auto","background-attachment":"scroll","background-type":"","background-media":"","overlay-type":"","overlay-color":"","overlay-opacity":"","overlay-gradient":""},"tablet":{"background-color":"","background-image":"","background-repeat":"repeat","background-position":"center center","background-size":"auto","background-attachment":"scroll","background-type":"","background-media":"","overlay-type":"","overlay-color":"","overlay-opacity":"","overlay-gradient":""},"mobile":{"background-color":"","background-image":"","background-repeat":"repeat","background-position":"center center","background-size":"auto","background-attachment":"scroll","background-type":"","background-media":"","overlay-type":"","overlay-color":"","overlay-opacity":"","overlay-gradient":""}},"ast-content-background-meta":{"desktop":{"background-color":"var(--ast-global-color-5)","background-image":"","background-repeat":"repeat","background-position":"center center","background-size":"auto","background-attachment":"scroll","background-type":"","background-media":"","overlay-type":"","overlay-color":"","overlay-opacity":"","overlay-gradient":""},"tablet":{"background-color":"var(--ast-global-color-5)","background-image":"","background-repeat":"repeat","background-position":"center center","background-size":"auto","background-attachment":"scroll","background-type":"","background-media":"","overlay-type":"","overlay-color":"","overlay-opacity":"","overlay-gradient":""},"mobile":{"background-color":"var(--ast-global-color-5)","background-image":"","background-repeat":"repeat","background-position":"center center","background-size":"auto","background-attachment":"scroll","background-type":"","background-media":"","overlay-type":"","overlay-color":"","overlay-opacity":"","overlay-gradient":""}}},"product_brand":[],"product_cat":[77],"product_tag":[],"class_list":{"0":"post-26594","1":"product","2":"type-product","3":"status-publish","4":"has-post-thumbnail","6":"product_cat-cursos","7":"desktop-align-left","8":"tablet-align-left","9":"mobile-align-left","11":"first","12":"instock","13":"sale","14":"virtual","15":"taxable","16":"purchasable","17":"product-type-simple"},"uagb_featured_image_src":{"full":["https:\/\/fiorellalarosa.com\/wp-content\/uploads\/2025\/03\/Masterclass-tipo-retrato-con-logos-1.png",1080,1350,false],"thumbnail":["https:\/\/fiorellalarosa.com\/wp-content\/uploads\/2025\/03\/Masterclass-tipo-retrato-con-logos-1-150x150.png",150,150,true],"medium":["https:\/\/fiorellalarosa.com\/wp-content\/uploads\/2025\/03\/Masterclass-tipo-retrato-con-logos-1-240x300.png",240,300,true],"medium_large":["https:\/\/fiorellalarosa.com\/wp-content\/uploads\/2025\/03\/Masterclass-tipo-retrato-con-logos-1-768x960.png",768,960,true],"large":["https:\/\/fiorellalarosa.com\/wp-content\/uploads\/2025\/03\/Masterclass-tipo-retrato-con-logos-1-819x1024.png",819,1024,true],"1536x1536":["https:\/\/fiorellalarosa.com\/wp-content\/uploads\/2025\/03\/Masterclass-tipo-retrato-con-logos-1.png",1080,1350,false],"2048x2048":["https:\/\/fiorellalarosa.com\/wp-content\/uploads\/2025\/03\/Masterclass-tipo-retrato-con-logos-1.png",1080,1350,false],"mailpoet_newsletter_max":["https:\/\/fiorellalarosa.com\/wp-content\/uploads\/2025\/03\/Masterclass-tipo-retrato-con-logos-1.png",1080,1350,false],"woocommerce_thumbnail":["https:\/\/fiorellalarosa.com\/wp-content\/uploads\/2025\/03\/Masterclass-tipo-retrato-con-logos-1-300x300.png",300,300,true],"woocommerce_single":["https:\/\/fiorellalarosa.com\/wp-content\/uploads\/2025\/03\/Masterclass-tipo-retrato-con-logos-1-600x750.png",600,750,true],"woocommerce_gallery_thumbnail":["https:\/\/fiorellalarosa.com\/wp-content\/uploads\/2025\/03\/Masterclass-tipo-retrato-con-logos-1-100x100.png",100,100,true]},"uagb_author_info":{"display_name":"Fiorella La Rosa","author_link":"https:\/\/fiorellalarosa.com\/?author=0"},"uagb_comment_info":0,"uagb_excerpt":"Descubre c\u00f3mo puedes viajar por el mundo, crear contenido y ganar dinero mientras lo haces. \u00a1Es m\u00e1s f\u00e1cil de lo que imaginas! En este curso, descubrir\u00e1s los secretos para: Iniciar en el mundo de los Travel bloggers y creadores de contenido de viajes. Atraer y colaborar con marcas de todo el mundo. Monetizar tus aventuras&hellip;","jetpack_sharing_enabled":true,"_links":{"self":[{"href":"https:\/\/fiorellalarosa.com\/index.php?rest_route=\/wp\/v2\/product\/26594","targetHints":{"allow":["GET"]}}],"collection":[{"href":"https:\/\/fiorellalarosa.com\/index.php?rest_route=\/wp\/v2\/product"}],"about":[{"href":"https:\/\/fiorellalarosa.com\/index.php?rest_route=\/wp\/v2\/types\/product"}],"wp:featuredmedia":[{"embeddable":true,"href":"https:\/\/fiorellalarosa.com\/index.php?rest_route=\/wp\/v2\/media\/26640"}],"wp:attachment":[{"href":"https:\/\/fiorellalarosa.com\/index.php?rest_route=%2Fwp%2Fv2%2Fmedia&parent=26594"}],"wp:term":[{"taxonomy":"product_brand","embeddable":true,"href":"https:\/\/fiorellalarosa.com\/index.php?rest_route=%2Fwp%2Fv2%2Fproduct_brand&post=26594"},{"taxonomy":"product_cat","embeddable":true,"href":"https:\/\/fiorellalarosa.com\/index.php?rest_route=%2Fwp%2Fv2%2Fproduct_cat&post=26594"},{"taxonomy":"product_tag","embeddable":true,"href":"https:\/\/fiorellalarosa.com\/index.php?rest_route=%2Fwp%2Fv2%2Fproduct_tag&post=26594"}],"curies":[{"name":"wp","href":"https:\/\/api.w.org\/{rel}","templated":true}]}}